{"id":43107,"date":"2024-07-28T08:03:54","date_gmt":"2024-07-28T06:03:54","guid":{"rendered":"https:\/\/jihanara.com\/buying-property-in-north-cyprus-a-golden-opportunity-for-investment-and-ideal-living\/"},"modified":"2024-08-03T08:37:42","modified_gmt":"2024-08-03T06:37:42","slug":"buying-property-in-north-cyprus-a-golden-opportunity-for-investment-and-ideal-living","status":"publish","type":"page","link":"https:\/\/jihanara.com\/tr\/buying-property-in-north-cyprus-a-golden-opportunity-for-investment-and-ideal-living\/","title":{"rendered":"Kuzey K\u0131br\u0131s&#8217;ta m\u00fclk sat\u0131n almak: yat\u0131r\u0131m ve ideal ya\u015fam i\u00e7in alt\u0131n bir f\u0131rsat"},"content":{"rendered":"\t\t<div data-elementor-type=\"wp-page\" data-elementor-id=\"43107\" class=\"elementor elementor-43107 elementor-43061\">\n\t\t\t\t\t\t<section class=\"elementor-section elementor-top-section elementor-element elementor-element-f603e4d elementor-section-boxed elementor-section-height-default elementor-section-height-default\" data-id=\"f603e4d\" data-element_type=\"section\" data-e-type=\"section\">\n\t\t\t\t\t\t<div class=\"elementor-container elementor-column-gap-default\">\n\t\t\t\t\t<div class=\"elementor-column elementor-col-100 elementor-top-column elementor-element elementor-element-4e37c78\" data-id=\"4e37c78\" data-element_type=\"column\" data-e-type=\"column\">\n\t\t\t<div class=\"elementor-widget-wrap elementor-element-populated\">\n\t\t\t\t\t\t<div class=\"elementor-element elementor-element-c0a934f elementor-widget elementor-widget-text-editor\" data-id=\"c0a934f\" data-element_type=\"widget\" data-e-type=\"widget\" data-widget_type=\"text-editor.default\">\n\t\t\t\t<div class=\"elementor-widget-container\">\n\t\t\t\t\t\t\t\t\t<p style=\"text-align: justify;\">Akdeniz&#8217;in g\u00fczel adas\u0131 Kuzey K\u0131br\u0131s, \u0131l\u0131man iklimi, kumsallar\u0131 ve zengin k\u00fclt\u00fcr\u00fcyle gayrimenkul yat\u0131r\u0131m\u0131 i\u00e7in pop\u00fcler bir destinasyon haline geldi. Bu b\u00f6lgede bir m\u00fclk sat\u0131n almak sadece hayalinizdeki eve sahip olma f\u0131rsat\u0131 de\u011fil, ayn\u0131 zamanda karl\u0131 bir yat\u0131r\u0131m da olabilir. Bu yaz\u0131m\u0131zda Kuzey K\u0131br\u0131s&#8217;ta m\u00fclk sat\u0131n alman\u0131n cazip nedenlerini, sat\u0131n alma s\u00fcrecini ve faydalar\u0131n\u0131 inceleyece\u011fiz.<\/p>\t\t\t\t\t\t\t\t<\/div>\n\t\t\t\t<\/div>\n\t\t\t\t\t<\/div>\n\t\t<\/div>\n\t\t\t\t\t<\/div>\n\t\t<\/section>\n\t\t\t\t<section class=\"elementor-section elementor-top-section elementor-element elementor-element-511810e elementor-section-boxed elementor-section-height-default elementor-section-height-default\" data-id=\"511810e\" data-element_type=\"section\" data-e-type=\"section\">\n\t\t\t\t\t\t<div class=\"elementor-container elementor-column-gap-default\">\n\t\t\t\t\t<div class=\"elementor-column elementor-col-100 elementor-top-column elementor-element elementor-element-2f3c57d\" data-id=\"2f3c57d\" data-element_type=\"column\" data-e-type=\"column\">\n\t\t\t<div class=\"elementor-widget-wrap elementor-element-populated\">\n\t\t\t\t\t\t<div class=\"elementor-element elementor-element-3a16872 elementor-widget elementor-widget-image\" data-id=\"3a16872\" data-element_type=\"widget\" data-e-type=\"widget\" data-widget_type=\"image.default\">\n\t\t\t\t<div class=\"elementor-widget-container\">\n\t\t\t\t\t\t\t\t\t\t\t\t\t\t\t<img fetchpriority=\"high\" decoding=\"async\" width=\"1024\" height=\"661\" src=\"https:\/\/jihanara.com\/wp-content\/uploads\/2024\/06\/bluberry-jihanara-1-1024x661.jpg\" class=\"attachment-large size-large wp-image-41496\" alt=\"\" srcset=\"https:\/\/jihanara.com\/wp-content\/uploads\/2024\/06\/bluberry-jihanara-1-1024x661.jpg 1024w, https:\/\/jihanara.com\/wp-content\/uploads\/2024\/06\/bluberry-jihanara-1-300x194.jpg 300w, https:\/\/jihanara.com\/wp-content\/uploads\/2024\/06\/bluberry-jihanara-1-768x496.jpg 768w, https:\/\/jihanara.com\/wp-content\/uploads\/2024\/06\/bluberry-jihanara-1-1536x992.jpg 1536w, https:\/\/jihanara.com\/wp-content\/uploads\/2024\/06\/bluberry-jihanara-1-929x600.jpg 929w, https:\/\/jihanara.com\/wp-content\/uploads\/2024\/06\/bluberry-jihanara-1-496x320.jpg 496w, https:\/\/jihanara.com\/wp-content\/uploads\/2024\/06\/bluberry-jihanara-1.jpg 1982w\" sizes=\"(max-width: 1024px) 100vw, 1024px\" \/>\t\t\t\t\t\t\t\t\t\t\t\t\t\t\t<\/div>\n\t\t\t\t<\/div>\n\t\t\t\t\t<\/div>\n\t\t<\/div>\n\t\t\t\t\t<\/div>\n\t\t<\/section>\n\t\t\t\t<section class=\"elementor-section elementor-top-section elementor-element elementor-element-b565c89 elementor-section-boxed elementor-section-height-default elementor-section-height-default\" data-id=\"b565c89\" data-element_type=\"section\" data-e-type=\"section\">\n\t\t\t\t\t\t<div class=\"elementor-container elementor-column-gap-default\">\n\t\t\t\t\t<div class=\"elementor-column elementor-col-100 elementor-top-column elementor-element elementor-element-f3ea758\" data-id=\"f3ea758\" data-element_type=\"column\" data-e-type=\"column\">\n\t\t\t<div class=\"elementor-widget-wrap elementor-element-populated\">\n\t\t\t\t\t\t<div class=\"elementor-element elementor-element-e004eee elementor-widget elementor-widget-text-editor\" data-id=\"e004eee\" data-element_type=\"widget\" data-e-type=\"widget\" data-widget_type=\"text-editor.default\">\n\t\t\t\t<div class=\"elementor-widget-container\">\n\t\t\t\t\t\t\t\t\t<h2 style=\"text-align: justify;\">Neden Kuzey K\u0131br\u0131s&#8217;ta Emlak Almal\u0131s\u0131n\u0131z?<\/h2><p style=\"text-align: justify;\">Kuzey K\u0131br\u0131s&#8217;ta m\u00fclk sat\u0131n alman\u0131n cazip bir se\u00e7enek olmas\u0131n\u0131n say\u0131s\u0131z nedeni vard\u0131r. En \u00f6nemli nedenlerden biri, di\u011fer Avrupa \u00fclkelerine k\u0131yasla uygun fiyatl\u0131 m\u00fclk fiyatlar\u0131d\u0131r. Ayr\u0131ca, faizsiz taksitlerle m\u00fclk sat\u0131n alma olana\u011f\u0131, bir\u00e7ok ki\u015fi i\u00e7in bu g\u00fczel adada bir ev sahibi olmay\u0131 m\u00fcmk\u00fcn k\u0131lmaktad\u0131r. Dahas\u0131, Kuzey K\u0131br\u0131s&#8217;ta ya\u015fam maliyeti nispeten d\u00fc\u015f\u00fckt\u00fcr ve e\u011flence ve dinlence tesislerine kolay eri\u015fim, bu b\u00f6lgede ya\u015faman\u0131n bir di\u011fer avantaj\u0131d\u0131r.<\/p>\t\t\t\t\t\t\t\t<\/div>\n\t\t\t\t<\/div>\n\t\t\t\t\t<\/div>\n\t\t<\/div>\n\t\t\t\t\t<\/div>\n\t\t<\/section>\n\t\t\t\t<section class=\"elementor-section elementor-top-section elementor-element elementor-element-40987d3 elementor-section-boxed elementor-section-height-default elementor-section-height-default\" data-id=\"40987d3\" data-element_type=\"section\" data-e-type=\"section\">\n\t\t\t\t\t\t<div class=\"elementor-container elementor-column-gap-default\">\n\t\t\t\t\t<div class=\"elementor-column elementor-col-100 elementor-top-column elementor-element elementor-element-6a3952a\" data-id=\"6a3952a\" data-element_type=\"column\" data-e-type=\"column\">\n\t\t\t<div class=\"elementor-widget-wrap elementor-element-populated\">\n\t\t\t\t\t\t<div class=\"elementor-element elementor-element-aa96341 elementor-widget elementor-widget-image\" data-id=\"aa96341\" data-element_type=\"widget\" data-e-type=\"widget\" data-widget_type=\"image.default\">\n\t\t\t\t<div class=\"elementor-widget-container\">\n\t\t\t\t\t\t\t\t\t\t\t\t\t\t\t<img decoding=\"async\" width=\"1024\" height=\"661\" src=\"https:\/\/jihanara.com\/wp-content\/uploads\/2024\/03\/atoll-oilvecourt-jihanara.jpg12-1024x661.jpg\" class=\"attachment-large size-large wp-image-40247\" alt=\"\u0633\u0646\u062f\u0647\u0627\u06cc \u0645\u0644\u06a9\u06cc \u062f\u0631 \u0642\u0628\u0631\u0633\u200c\u0634\u0645\u0627\u0644\u06cc: \u0627\u0645\u0646\u06cc\u062a \u0633\u0631\u0645\u0627\u06cc\u0647\u200c\u06af\u0630\u0627\u0631\u06cc \u062e\u0648\u062f \u0631\u0627 \u062a\u0636\u0645\u06cc\u0646 \u06a9\u0646\u06cc\u062f\" srcset=\"https:\/\/jihanara.com\/wp-content\/uploads\/2024\/03\/atoll-oilvecourt-jihanara.jpg12-1024x661.jpg 1024w, https:\/\/jihanara.com\/wp-content\/uploads\/2024\/03\/atoll-oilvecourt-jihanara.jpg12-300x194.jpg 300w, https:\/\/jihanara.com\/wp-content\/uploads\/2024\/03\/atoll-oilvecourt-jihanara.jpg12-768x496.jpg 768w, https:\/\/jihanara.com\/wp-content\/uploads\/2024\/03\/atoll-oilvecourt-jihanara.jpg12-1536x992.jpg 1536w, https:\/\/jihanara.com\/wp-content\/uploads\/2024\/03\/atoll-oilvecourt-jihanara.jpg12-929x600.jpg 929w, https:\/\/jihanara.com\/wp-content\/uploads\/2024\/03\/atoll-oilvecourt-jihanara.jpg12-496x320.jpg 496w, https:\/\/jihanara.com\/wp-content\/uploads\/2024\/03\/atoll-oilvecourt-jihanara.jpg12.jpg 1982w\" sizes=\"(max-width: 1024px) 100vw, 1024px\" \/>\t\t\t\t\t\t\t\t\t\t\t\t\t\t\t<\/div>\n\t\t\t\t<\/div>\n\t\t\t\t\t<\/div>\n\t\t<\/div>\n\t\t\t\t\t<\/div>\n\t\t<\/section>\n\t\t\t\t<section class=\"elementor-section elementor-top-section elementor-element elementor-element-c8e6c32 elementor-section-boxed elementor-section-height-default elementor-section-height-default\" data-id=\"c8e6c32\" data-element_type=\"section\" data-e-type=\"section\">\n\t\t\t\t\t\t<div class=\"elementor-container elementor-column-gap-default\">\n\t\t\t\t\t<div class=\"elementor-column elementor-col-100 elementor-top-column elementor-element elementor-element-a0bdbf9\" data-id=\"a0bdbf9\" data-element_type=\"column\" data-e-type=\"column\">\n\t\t\t<div class=\"elementor-widget-wrap elementor-element-populated\">\n\t\t\t\t\t\t<div class=\"elementor-element elementor-element-2357507 elementor-widget elementor-widget-text-editor\" data-id=\"2357507\" data-element_type=\"widget\" data-e-type=\"widget\" data-widget_type=\"text-editor.default\">\n\t\t\t\t<div class=\"elementor-widget-container\">\n\t\t\t\t\t\t\t\t\t<p><a href=\"https:\/\/jihanara.com\/\">Cihanara ile Kuzey K\u0131br\u0131s&#8217;ta m\u00fclk sat\u0131n almak ve yat\u0131r\u0131m yapmak<\/a><\/p>\t\t\t\t\t\t\t\t<\/div>\n\t\t\t\t<\/div>\n\t\t\t\t\t<\/div>\n\t\t<\/div>\n\t\t\t\t\t<\/div>\n\t\t<\/section>\n\t\t\t\t<section class=\"elementor-section elementor-top-section elementor-element elementor-element-454c13d elementor-section-boxed elementor-section-height-default elementor-section-height-default\" data-id=\"454c13d\" data-element_type=\"section\" data-e-type=\"section\">\n\t\t\t\t\t\t<div class=\"elementor-container elementor-column-gap-default\">\n\t\t\t\t\t<div class=\"elementor-column elementor-col-100 elementor-top-column elementor-element elementor-element-832dfe9\" data-id=\"832dfe9\" data-element_type=\"column\" data-e-type=\"column\">\n\t\t\t<div class=\"elementor-widget-wrap elementor-element-populated\">\n\t\t\t\t\t\t<div class=\"elementor-element elementor-element-d9e35a3 elementor-widget elementor-widget-text-editor\" data-id=\"d9e35a3\" data-element_type=\"widget\" data-e-type=\"widget\" data-widget_type=\"text-editor.default\">\n\t\t\t\t<div class=\"elementor-widget-container\">\n\t\t\t\t\t\t\t\t\t<h3 style=\"text-align: justify;\">Kuzey K\u0131br\u0131s&#8217;ta m\u00fclk sat\u0131n alma prosed\u00fcrleri:<\/h3>\n<p style=\"text-align: justify;\">Kuzey K\u0131br\u0131s&#8217;ta m\u00fclk sat\u0131n alma s\u00fcreci nispeten basittir ve deneyimli emlak dan\u0131\u015fmanlar\u0131n\u0131n yard\u0131m\u0131yla istedi\u011finiz sonuca h\u0131zl\u0131 bir \u015fekilde ula\u015fabilirsiniz. Bu s\u00fcrecin genel a\u015famalar\u0131, istenilen m\u00fclk\u00fcn aranmas\u0131, m\u00fclk\u00fcn ziyaret edilmesi, teknik incelemelerin yap\u0131lmas\u0131, sat\u0131n alma s\u00f6zle\u015fmesinin haz\u0131rlanmas\u0131, \u00f6deme yap\u0131lmas\u0131 ve tapu tescilidir. Elbette baz\u0131 durumlarda her i\u015flemin ko\u015fullar\u0131na ba\u011fl\u0131 olarak ba\u015fka ad\u0131mlar da s\u00f6z konusu olabilir.<\/p>\n\n<h3 style=\"text-align: justify;\">Kuzey K\u0131br\u0131s&#8217;ta m\u00fclk sat\u0131n alman\u0131n avantajlar\u0131:<\/h3>\n<p style=\"text-align: justify;\"><strong>K\u00e2rl\u0131 yat\u0131r\u0131m:<\/strong> Kuzey K\u0131br\u0131s&#8217;ta m\u00fclk sat\u0131n almak k\u00e2rl\u0131 bir yat\u0131r\u0131m olabilir. Bu b\u00f6lgedeki gayrimenkul talebinin artmas\u0131 ve fiyatlar\u0131n artmas\u0131 nedeniyle gelecekte m\u00fclk\u00fcn\u00fcz\u00fcn de\u011ferinin artmas\u0131 bekleniyor.<\/p>\n<p style=\"text-align: justify;\"><strong>\u0130kamet Edinme:<\/strong> Kuzey K\u0131br\u0131s&#8217;ta m\u00fclk sat\u0131n alarak kendiniz ve aileniz i\u00e7in bu \u00fclkede oturma izni alabilirsiniz.<\/p>\n<p style=\"text-align: justify;\"><strong>Il\u0131man iklim:<\/strong> Kuzey K\u0131br\u0131s, s\u0131cak ve kurak yazlar ve \u0131l\u0131man k\u0131\u015flar ile \u0131l\u0131man bir Akdeniz iklimine sahiptir.<\/p>\n<p style=\"text-align: justify;\"><strong>G\u00fczel Plajlar:<\/strong> Kuzey K\u0131br\u0131s&#8217;\u0131n kumsallar\u0131 ve berrak sular\u0131 y\u00fczme, g\u00fcne\u015flenme ve di\u011fer su sporlar\u0131 i\u00e7in m\u00fckemmel bir f\u0131rsat sunmaktad\u0131r.<\/p>\n<p style=\"text-align: justify;\"><strong>Zengin k\u00fclt\u00fcr:<\/strong> Kuzey K\u0131br\u0131s zengin ve tarihi bir k\u00fclt\u00fcre sahiptir ve bu b\u00f6lgede pek \u00e7ok turistik mekan bulunmaktad\u0131r.<\/p>\n<p style=\"text-align: justify;\"><strong>D\u00fc\u015f\u00fck ya\u015fam maliyeti:<\/strong> Kuzey K\u0131br\u0131s&#8217;ta ya\u015fam maliyeti bir\u00e7ok Avrupa \u00fclkesine g\u00f6re daha d\u00fc\u015f\u00fckt\u00fcr.<\/p>\n<p style=\"text-align: justify;\"><strong>Taksitli sat\u0131n alma imkan\u0131:<\/strong> Kuzey K\u0131br\u0131s&#8217;taki bir\u00e7ok in\u015faat projesinde faizsiz taksitli sat\u0131n alma imkan\u0131 sa\u011flanmaktad\u0131r.<\/p>\nDaha fazla avantaj i\u00e7in <a href=\"https:\/\/jihanara.com\/tr\/advantages-of-buying-property-in-north-cyprus\/\">Kuzey K\u0131br\u0131s&#8217;ta m\u00fclk sat\u0131n alman\u0131n avantajlar\u0131n\u0131 okuyabilirsiniz.<\/a>\n<p style=\"text-align: justify;\">Kuzey K\u0131br\u0131s&#8217;ta m\u00fclk sat\u0131n almak, yat\u0131r\u0131m yapmak, huzurlu bir ortamda ya\u015famak ve do\u011fan\u0131n g\u00fczelliklerinin tad\u0131n\u0131 \u00e7\u0131karmak i\u00e7in ola\u011fan\u00fcst\u00fc bir f\u0131rsatt\u0131r. Bu yat\u0131r\u0131m\u0131n bir\u00e7ok avantaj\u0131 g\u00f6z \u00f6n\u00fcne al\u0131nd\u0131\u011f\u0131nda Kuzey K\u0131br\u0131s&#8217;ta m\u00fclk sat\u0131n almak ak\u0131ll\u0131ca bir karar olabilir. Ancak herhangi bir karar vermeden \u00f6nce deneyimli bir emlak\u00e7\u0131ya dan\u0131\u015fmak ve bu b\u00f6lgedeki emlak piyasas\u0131 hakk\u0131nda eksiksiz bilgi almak en do\u011frusudur.<\/p>\t\t\t\t\t\t\t\t<\/div>\n\t\t\t\t<\/div>\n\t\t\t\t\t<\/div>\n\t\t<\/div>\n\t\t\t\t\t<\/div>\n\t\t<\/section>\n\t\t\t\t<\/div>\n\t\t","protected":false},"excerpt":{"rendered":"<p>Akdeniz&#8217;in g\u00fczel adas\u0131 Kuzey K\u0131br\u0131s, \u0131l\u0131man iklimi, kumsallar\u0131 ve zengin k\u00fclt\u00fcr\u00fcyle gayrimenkul yat\u0131r\u0131m\u0131 i\u00e7in pop\u00fcler bir destinasyon haline geldi. Bu b\u00f6lgede bir m\u00fclk sat\u0131n almak sadece hayalinizdeki eve sahip olma f\u0131rsat\u0131 de\u011fil, ayn\u0131 zamanda karl\u0131 bir yat\u0131r\u0131m da olabilir. Bu yaz\u0131m\u0131zda Kuzey K\u0131br\u0131s&#8217;ta m\u00fclk sat\u0131n alman\u0131n cazip nedenlerini, sat\u0131n alma s\u00fcrecini ve faydalar\u0131n\u0131 inceleyece\u011fiz. Neden [&hellip;]<\/p>\n","protected":false},"author":25,"featured_media":41466,"parent":0,"menu_order":46,"comment_status":"open","ping_status":"closed","template":"","meta":{"content-type":"","_monsterinsights_skip_tracking":false,"_monsterinsights_sitenote_active":false,"_monsterinsights_sitenote_note":"","_monsterinsights_sitenote_category":0,"footnotes":""},"class_list":["post-43107","page","type-page","status-publish","has-post-thumbnail","hentry"],"yoast_head":"<!-- This site is optimized with the Yoast SEO Premium plugin v26.9 (Yoast SEO v27.0) - https:\/\/yoast.com\/product\/yoast-seo-premium-wordpress\/ -->\n<title>Buying property in North Cyprus: Golden Opportunity - Kuzey K\u0131br\u0131s&#039;ta m\u00fclk sat\u0131n almak ve yat\u0131r\u0131m yapmak<\/title>\n<meta name=\"description\" content=\"Kuzey K\u0131br\u0131s&#039;ta m\u00fclk sat\u0131n almak\" \/>\n<meta name=\"robots\" content=\"index, follow, max-snippet:-1, max-image-preview:large, max-video-preview:-1\" \/>\n<link rel=\"canonical\" href=\"https:\/\/jihanara.com\/tr\/buying-property-in-north-cyprus-a-golden-opportunity-for-investment-and-ideal-living\/\" \/>\n<meta property=\"og:locale\" content=\"tr_TR\" \/>\n<meta property=\"og:type\" content=\"article\" \/>\n<meta property=\"og:title\" content=\"Kuzey K\u0131br\u0131s&#039;ta m\u00fclk sat\u0131n almak: yat\u0131r\u0131m ve ideal ya\u015fam i\u00e7in alt\u0131n bir f\u0131rsat\" \/>\n<meta property=\"og:description\" content=\"Kuzey K\u0131br\u0131s&#039;ta m\u00fclk sat\u0131n almak\" \/>\n<meta property=\"og:url\" content=\"https:\/\/jihanara.com\/tr\/buying-property-in-north-cyprus-a-golden-opportunity-for-investment-and-ideal-living\/\" \/>\n<meta property=\"og:site_name\" content=\"Kuzey K\u0131br\u0131s&#039;ta m\u00fclk sat\u0131n almak ve yat\u0131r\u0131m yapmak\" \/>\n<meta property=\"article:modified_time\" content=\"2024-08-03T06:37:42+00:00\" \/>\n<meta property=\"og:image\" content=\"https:\/\/jihanara.com\/wp-content\/uploads\/2024\/06\/bluberry-jihanara-7.jpg\" \/>\n\t<meta property=\"og:image:width\" content=\"1982\" \/>\n\t<meta property=\"og:image:height\" content=\"1280\" \/>\n\t<meta property=\"og:image:type\" content=\"image\/jpeg\" \/>\n<meta name=\"twitter:card\" content=\"summary_large_image\" \/>\n<meta name=\"twitter:label1\" content=\"Tahmini okuma s\u00fcresi\" \/>\n\t<meta name=\"twitter:data1\" content=\"3 dakika\" \/>\n<script type=\"application\/ld+json\" class=\"yoast-schema-graph\">{\"@context\":\"https:\/\/schema.org\",\"@graph\":[{\"@type\":\"WebPage\",\"@id\":\"https:\/\/jihanara.com\/tr\/buying-property-in-north-cyprus-a-golden-opportunity-for-investment-and-ideal-living\/\",\"url\":\"https:\/\/jihanara.com\/tr\/buying-property-in-north-cyprus-a-golden-opportunity-for-investment-and-ideal-living\/\",\"name\":\"Buying property in North Cyprus: Golden Opportunity - Kuzey K\u0131br\u0131s&#039;ta m\u00fclk sat\u0131n almak ve yat\u0131r\u0131m yapmak\",\"isPartOf\":{\"@id\":\"https:\/\/jihanara.com\/tr\/#website\"},\"primaryImageOfPage\":{\"@id\":\"https:\/\/jihanara.com\/tr\/buying-property-in-north-cyprus-a-golden-opportunity-for-investment-and-ideal-living\/#primaryimage\"},\"image\":{\"@id\":\"https:\/\/jihanara.com\/tr\/buying-property-in-north-cyprus-a-golden-opportunity-for-investment-and-ideal-living\/#primaryimage\"},\"thumbnailUrl\":\"https:\/\/jihanara.com\/wp-content\/uploads\/2024\/06\/bluberry-jihanara-7.jpg\",\"datePublished\":\"2024-07-28T06:03:54+00:00\",\"dateModified\":\"2024-08-03T06:37:42+00:00\",\"description\":\"Kuzey K\u0131br\u0131s'ta m\u00fclk sat\u0131n almak\",\"breadcrumb\":{\"@id\":\"https:\/\/jihanara.com\/tr\/buying-property-in-north-cyprus-a-golden-opportunity-for-investment-and-ideal-living\/#breadcrumb\"},\"inLanguage\":\"tr\",\"potentialAction\":[{\"@type\":\"ReadAction\",\"target\":[\"https:\/\/jihanara.com\/tr\/buying-property-in-north-cyprus-a-golden-opportunity-for-investment-and-ideal-living\/\"]}]},{\"@type\":\"ImageObject\",\"inLanguage\":\"tr\",\"@id\":\"https:\/\/jihanara.com\/tr\/buying-property-in-north-cyprus-a-golden-opportunity-for-investment-and-ideal-living\/#primaryimage\",\"url\":\"https:\/\/jihanara.com\/wp-content\/uploads\/2024\/06\/bluberry-jihanara-7.jpg\",\"contentUrl\":\"https:\/\/jihanara.com\/wp-content\/uploads\/2024\/06\/bluberry-jihanara-7.jpg\",\"width\":1982,\"height\":1280},{\"@type\":\"BreadcrumbList\",\"@id\":\"https:\/\/jihanara.com\/tr\/buying-property-in-north-cyprus-a-golden-opportunity-for-investment-and-ideal-living\/#breadcrumb\",\"itemListElement\":[{\"@type\":\"ListItem\",\"position\":1,\"name\":\"\u062e\u0627\u0646\u0647\",\"item\":\"https:\/\/jihanara.com\/tr\/\"},{\"@type\":\"ListItem\",\"position\":2,\"name\":\"Kuzey K\u0131br\u0131s&#8217;ta m\u00fclk sat\u0131n almak: yat\u0131r\u0131m ve ideal ya\u015fam i\u00e7in alt\u0131n bir f\u0131rsat\"}]},{\"@type\":\"WebSite\",\"@id\":\"https:\/\/jihanara.com\/tr\/#website\",\"url\":\"https:\/\/jihanara.com\/tr\/\",\"name\":\"Buy property and invest in North Cyprus\",\"description\":\"Daha \u0130yisini \u0130ste\",\"publisher\":{\"@id\":\"https:\/\/jihanara.com\/tr\/#organization\"},\"alternateName\":\"Buy property and invest in North Cyprus\",\"potentialAction\":[{\"@type\":\"SearchAction\",\"target\":{\"@type\":\"EntryPoint\",\"urlTemplate\":\"https:\/\/jihanara.com\/tr\/?s={search_term_string}\"},\"query-input\":{\"@type\":\"PropertyValueSpecification\",\"valueRequired\":true,\"valueName\":\"search_term_string\"}}],\"inLanguage\":\"tr\"},{\"@type\":\"Organization\",\"@id\":\"https:\/\/jihanara.com\/tr\/#organization\",\"name\":\"Buy property and invest in North Cyprus\",\"url\":\"https:\/\/jihanara.com\/tr\/\",\"logo\":{\"@type\":\"ImageObject\",\"inLanguage\":\"tr\",\"@id\":\"https:\/\/jihanara.com\/tr\/#\/schema\/logo\/image\/\",\"url\":\"https:\/\/jihanara.com\/wp-content\/uploads\/2022\/12\/Cihanara-Logo-Black-1.png\",\"contentUrl\":\"https:\/\/jihanara.com\/wp-content\/uploads\/2022\/12\/Cihanara-Logo-Black-1.png\",\"width\":775,\"height\":896,\"caption\":\"Buy property and invest in North Cyprus\"},\"image\":{\"@id\":\"https:\/\/jihanara.com\/tr\/#\/schema\/logo\/image\/\"}}]}<\/script>\n<!-- \/ Yoast SEO Premium plugin. -->","yoast_head_json":{"title":"Buying property in North Cyprus: Golden Opportunity - Kuzey K\u0131br\u0131s&#039;ta m\u00fclk sat\u0131n almak ve yat\u0131r\u0131m yapmak","description":"Kuzey K\u0131br\u0131s'ta m\u00fclk sat\u0131n almak","robots":{"index":"index","follow":"follow","max-snippet":"max-snippet:-1","max-image-preview":"max-image-preview:large","max-video-preview":"max-video-preview:-1"},"canonical":"https:\/\/jihanara.com\/tr\/buying-property-in-north-cyprus-a-golden-opportunity-for-investment-and-ideal-living\/","og_locale":"tr_TR","og_type":"article","og_title":"Kuzey K\u0131br\u0131s'ta m\u00fclk sat\u0131n almak: yat\u0131r\u0131m ve ideal ya\u015fam i\u00e7in alt\u0131n bir f\u0131rsat","og_description":"Kuzey K\u0131br\u0131s'ta m\u00fclk sat\u0131n almak","og_url":"https:\/\/jihanara.com\/tr\/buying-property-in-north-cyprus-a-golden-opportunity-for-investment-and-ideal-living\/","og_site_name":"Kuzey K\u0131br\u0131s&#039;ta m\u00fclk sat\u0131n almak ve yat\u0131r\u0131m yapmak","article_modified_time":"2024-08-03T06:37:42+00:00","og_image":[{"width":1982,"height":1280,"url":"https:\/\/jihanara.com\/wp-content\/uploads\/2024\/06\/bluberry-jihanara-7.jpg","type":"image\/jpeg"}],"twitter_card":"summary_large_image","twitter_misc":{"Tahmini okuma s\u00fcresi":"3 dakika"},"schema":{"@context":"https:\/\/schema.org","@graph":[{"@type":"WebPage","@id":"https:\/\/jihanara.com\/tr\/buying-property-in-north-cyprus-a-golden-opportunity-for-investment-and-ideal-living\/","url":"https:\/\/jihanara.com\/tr\/buying-property-in-north-cyprus-a-golden-opportunity-for-investment-and-ideal-living\/","name":"Buying property in North Cyprus: Golden Opportunity - Kuzey K\u0131br\u0131s&#039;ta m\u00fclk sat\u0131n almak ve yat\u0131r\u0131m yapmak","isPartOf":{"@id":"https:\/\/jihanara.com\/tr\/#website"},"primaryImageOfPage":{"@id":"https:\/\/jihanara.com\/tr\/buying-property-in-north-cyprus-a-golden-opportunity-for-investment-and-ideal-living\/#primaryimage"},"image":{"@id":"https:\/\/jihanara.com\/tr\/buying-property-in-north-cyprus-a-golden-opportunity-for-investment-and-ideal-living\/#primaryimage"},"thumbnailUrl":"https:\/\/jihanara.com\/wp-content\/uploads\/2024\/06\/bluberry-jihanara-7.jpg","datePublished":"2024-07-28T06:03:54+00:00","dateModified":"2024-08-03T06:37:42+00:00","description":"Kuzey K\u0131br\u0131s'ta m\u00fclk sat\u0131n almak","breadcrumb":{"@id":"https:\/\/jihanara.com\/tr\/buying-property-in-north-cyprus-a-golden-opportunity-for-investment-and-ideal-living\/#breadcrumb"},"inLanguage":"tr","potentialAction":[{"@type":"ReadAction","target":["https:\/\/jihanara.com\/tr\/buying-property-in-north-cyprus-a-golden-opportunity-for-investment-and-ideal-living\/"]}]},{"@type":"ImageObject","inLanguage":"tr","@id":"https:\/\/jihanara.com\/tr\/buying-property-in-north-cyprus-a-golden-opportunity-for-investment-and-ideal-living\/#primaryimage","url":"https:\/\/jihanara.com\/wp-content\/uploads\/2024\/06\/bluberry-jihanara-7.jpg","contentUrl":"https:\/\/jihanara.com\/wp-content\/uploads\/2024\/06\/bluberry-jihanara-7.jpg","width":1982,"height":1280},{"@type":"BreadcrumbList","@id":"https:\/\/jihanara.com\/tr\/buying-property-in-north-cyprus-a-golden-opportunity-for-investment-and-ideal-living\/#breadcrumb","itemListElement":[{"@type":"ListItem","position":1,"name":"\u062e\u0627\u0646\u0647","item":"https:\/\/jihanara.com\/tr\/"},{"@type":"ListItem","position":2,"name":"Kuzey K\u0131br\u0131s&#8217;ta m\u00fclk sat\u0131n almak: yat\u0131r\u0131m ve ideal ya\u015fam i\u00e7in alt\u0131n bir f\u0131rsat"}]},{"@type":"WebSite","@id":"https:\/\/jihanara.com\/tr\/#website","url":"https:\/\/jihanara.com\/tr\/","name":"Buy property and invest in North Cyprus","description":"Daha \u0130yisini \u0130ste","publisher":{"@id":"https:\/\/jihanara.com\/tr\/#organization"},"alternateName":"Buy property and invest in North Cyprus","potentialAction":[{"@type":"SearchAction","target":{"@type":"EntryPoint","urlTemplate":"https:\/\/jihanara.com\/tr\/?s={search_term_string}"},"query-input":{"@type":"PropertyValueSpecification","valueRequired":true,"valueName":"search_term_string"}}],"inLanguage":"tr"},{"@type":"Organization","@id":"https:\/\/jihanara.com\/tr\/#organization","name":"Buy property and invest in North Cyprus","url":"https:\/\/jihanara.com\/tr\/","logo":{"@type":"ImageObject","inLanguage":"tr","@id":"https:\/\/jihanara.com\/tr\/#\/schema\/logo\/image\/","url":"https:\/\/jihanara.com\/wp-content\/uploads\/2022\/12\/Cihanara-Logo-Black-1.png","contentUrl":"https:\/\/jihanara.com\/wp-content\/uploads\/2022\/12\/Cihanara-Logo-Black-1.png","width":775,"height":896,"caption":"Buy property and invest in North Cyprus"},"image":{"@id":"https:\/\/jihanara.com\/tr\/#\/schema\/logo\/image\/"}}]}},"_links":{"self":[{"href":"https:\/\/jihanara.com\/tr\/wp-json\/wp\/v2\/pages\/43107","targetHints":{"allow":["GET"]}}],"collection":[{"href":"https:\/\/jihanara.com\/tr\/wp-json\/wp\/v2\/pages"}],"about":[{"href":"https:\/\/jihanara.com\/tr\/wp-json\/wp\/v2\/types\/page"}],"author":[{"embeddable":true,"href":"https:\/\/jihanara.com\/tr\/wp-json\/wp\/v2\/users\/25"}],"replies":[{"embeddable":true,"href":"https:\/\/jihanara.com\/tr\/wp-json\/wp\/v2\/comments?post=43107"}],"version-history":[{"count":4,"href":"https:\/\/jihanara.com\/tr\/wp-json\/wp\/v2\/pages\/43107\/revisions"}],"predecessor-version":[{"id":43611,"href":"https:\/\/jihanara.com\/tr\/wp-json\/wp\/v2\/pages\/43107\/revisions\/43611"}],"wp:featuredmedia":[{"embeddable":true,"href":"https:\/\/jihanara.com\/tr\/wp-json\/wp\/v2\/media\/41466"}],"wp:attachment":[{"href":"https:\/\/jihanara.com\/tr\/wp-json\/wp\/v2\/media?parent=43107"}],"curies":[{"name":"wp","href":"https:\/\/api.w.org\/{rel}","templated":true}]}}