{"id":25901,"date":"2020-02-18T18:03:04","date_gmt":"2020-02-18T16:03:04","guid":{"rendered":"https:\/\/jihanara.com\/list-layout-full-width\/"},"modified":"2024-11-13T09:06:19","modified_gmt":"2024-11-13T07:06:19","slug":"list-layout-full-width","status":"publish","type":"page","link":"https:\/\/jihanara.com\/tr\/list-layout-full-width\/","title":{"rendered":"List Layout Full Width"},"content":{"rendered":"","protected":false},"excerpt":{"rendered":"","protected":false},"author":25,"featured_media":0,"parent":0,"menu_order":224,"comment_status":"closed","ping_status":"closed","template":"template\/template-listing-list-v1-fullwidth.php","meta":{"content-type":"","_monsterinsights_skip_tracking":false,"_monsterinsights_sitenote_active":false,"_monsterinsights_sitenote_note":"","_monsterinsights_sitenote_category":0,"footnotes":""},"class_list":["post-25901","page","type-page","status-publish","hentry"],"yoast_head":"<!-- This site is optimized with the Yoast SEO Premium plugin v26.9 (Yoast SEO v27.0) - https:\/\/yoast.com\/product\/yoast-seo-premium-wordpress\/ -->\n<title>List Layout Full Width - Kuzey K\u0131br\u0131s&#039;ta m\u00fclk sat\u0131n almak ve yat\u0131r\u0131m yapmak<\/title>\n<meta name=\"robots\" content=\"index, follow, max-snippet:-1, max-image-preview:large, max-video-preview:-1\" \/>\n<link rel=\"canonical\" href=\"https:\/\/jihanara.com\/tr\/list-layout-full-width\/\" \/>\n<meta property=\"og:locale\" content=\"tr_TR\" \/>\n<meta property=\"og:type\" content=\"article\" \/>\n<meta property=\"og:title\" content=\"List Layout Full Width\" \/>\n<meta property=\"og:url\" content=\"https:\/\/jihanara.com\/tr\/list-layout-full-width\/\" \/>\n<meta property=\"og:site_name\" content=\"Kuzey K\u0131br\u0131s&#039;ta m\u00fclk sat\u0131n almak ve yat\u0131r\u0131m yapmak\" \/>\n<meta property=\"article:modified_time\" content=\"2024-11-13T07:06:19+00:00\" \/>\n<meta name=\"twitter:card\" content=\"summary_large_image\" \/>\n<script type=\"application\/ld+json\" class=\"yoast-schema-graph\">{\"@context\":\"https:\/\/schema.org\",\"@graph\":[{\"@type\":\"WebPage\",\"@id\":\"https:\/\/jihanara.com\/tr\/list-layout-full-width\/\",\"url\":\"https:\/\/jihanara.com\/tr\/list-layout-full-width\/\",\"name\":\"List Layout Full Width - Kuzey K\u0131br\u0131s&#039;ta m\u00fclk sat\u0131n almak ve yat\u0131r\u0131m yapmak\",\"isPartOf\":{\"@id\":\"https:\/\/jihanara.com\/tr\/#website\"},\"datePublished\":\"2020-02-18T16:03:04+00:00\",\"dateModified\":\"2024-11-13T07:06:19+00:00\",\"breadcrumb\":{\"@id\":\"https:\/\/jihanara.com\/tr\/list-layout-full-width\/#breadcrumb\"},\"inLanguage\":\"tr\",\"potentialAction\":[{\"@type\":\"ReadAction\",\"target\":[\"https:\/\/jihanara.com\/tr\/list-layout-full-width\/\"]}]},{\"@type\":\"BreadcrumbList\",\"@id\":\"https:\/\/jihanara.com\/tr\/list-layout-full-width\/#breadcrumb\",\"itemListElement\":[{\"@type\":\"ListItem\",\"position\":1,\"name\":\"\u062e\u0627\u0646\u0647\",\"item\":\"https:\/\/jihanara.com\/tr\/\"},{\"@type\":\"ListItem\",\"position\":2,\"name\":\"List Layout Full Width\"}]},{\"@type\":\"WebSite\",\"@id\":\"https:\/\/jihanara.com\/tr\/#website\",\"url\":\"https:\/\/jihanara.com\/tr\/\",\"name\":\"Buy property and invest in North Cyprus\",\"description\":\"Daha \u0130yisini \u0130ste\",\"publisher\":{\"@id\":\"https:\/\/jihanara.com\/tr\/#organization\"},\"alternateName\":\"Buy property and invest in North Cyprus\",\"potentialAction\":[{\"@type\":\"SearchAction\",\"target\":{\"@type\":\"EntryPoint\",\"urlTemplate\":\"https:\/\/jihanara.com\/tr\/?s={search_term_string}\"},\"query-input\":{\"@type\":\"PropertyValueSpecification\",\"valueRequired\":true,\"valueName\":\"search_term_string\"}}],\"inLanguage\":\"tr\"},{\"@type\":\"Organization\",\"@id\":\"https:\/\/jihanara.com\/tr\/#organization\",\"name\":\"Buy property and invest in North Cyprus\",\"url\":\"https:\/\/jihanara.com\/tr\/\",\"logo\":{\"@type\":\"ImageObject\",\"inLanguage\":\"tr\",\"@id\":\"https:\/\/jihanara.com\/tr\/#\/schema\/logo\/image\/\",\"url\":\"https:\/\/jihanara.com\/wp-content\/uploads\/2022\/12\/Cihanara-Logo-Black-1.png\",\"contentUrl\":\"https:\/\/jihanara.com\/wp-content\/uploads\/2022\/12\/Cihanara-Logo-Black-1.png\",\"width\":775,\"height\":896,\"caption\":\"Buy property and invest in North Cyprus\"},\"image\":{\"@id\":\"https:\/\/jihanara.com\/tr\/#\/schema\/logo\/image\/\"}}]}<\/script>\n<!-- \/ Yoast SEO Premium plugin. -->","yoast_head_json":{"title":"List Layout Full Width - Kuzey K\u0131br\u0131s&#039;ta m\u00fclk sat\u0131n almak ve yat\u0131r\u0131m yapmak","robots":{"index":"index","follow":"follow","max-snippet":"max-snippet:-1","max-image-preview":"max-image-preview:large","max-video-preview":"max-video-preview:-1"},"canonical":"https:\/\/jihanara.com\/tr\/list-layout-full-width\/","og_locale":"tr_TR","og_type":"article","og_title":"List Layout Full Width","og_url":"https:\/\/jihanara.com\/tr\/list-layout-full-width\/","og_site_name":"Kuzey K\u0131br\u0131s&#039;ta m\u00fclk sat\u0131n almak ve yat\u0131r\u0131m yapmak","article_modified_time":"2024-11-13T07:06:19+00:00","twitter_card":"summary_large_image","schema":{"@context":"https:\/\/schema.org","@graph":[{"@type":"WebPage","@id":"https:\/\/jihanara.com\/tr\/list-layout-full-width\/","url":"https:\/\/jihanara.com\/tr\/list-layout-full-width\/","name":"List Layout Full Width - Kuzey K\u0131br\u0131s&#039;ta m\u00fclk sat\u0131n almak ve yat\u0131r\u0131m yapmak","isPartOf":{"@id":"https:\/\/jihanara.com\/tr\/#website"},"datePublished":"2020-02-18T16:03:04+00:00","dateModified":"2024-11-13T07:06:19+00:00","breadcrumb":{"@id":"https:\/\/jihanara.com\/tr\/list-layout-full-width\/#breadcrumb"},"inLanguage":"tr","potentialAction":[{"@type":"ReadAction","target":["https:\/\/jihanara.com\/tr\/list-layout-full-width\/"]}]},{"@type":"BreadcrumbList","@id":"https:\/\/jihanara.com\/tr\/list-layout-full-width\/#breadcrumb","itemListElement":[{"@type":"ListItem","position":1,"name":"\u062e\u0627\u0646\u0647","item":"https:\/\/jihanara.com\/tr\/"},{"@type":"ListItem","position":2,"name":"List Layout Full Width"}]},{"@type":"WebSite","@id":"https:\/\/jihanara.com\/tr\/#website","url":"https:\/\/jihanara.com\/tr\/","name":"Buy property and invest in North Cyprus","description":"Daha \u0130yisini \u0130ste","publisher":{"@id":"https:\/\/jihanara.com\/tr\/#organization"},"alternateName":"Buy property and invest in North Cyprus","potentialAction":[{"@type":"SearchAction","target":{"@type":"EntryPoint","urlTemplate":"https:\/\/jihanara.com\/tr\/?s={search_term_string}"},"query-input":{"@type":"PropertyValueSpecification","valueRequired":true,"valueName":"search_term_string"}}],"inLanguage":"tr"},{"@type":"Organization","@id":"https:\/\/jihanara.com\/tr\/#organization","name":"Buy property and invest in North Cyprus","url":"https:\/\/jihanara.com\/tr\/","logo":{"@type":"ImageObject","inLanguage":"tr","@id":"https:\/\/jihanara.com\/tr\/#\/schema\/logo\/image\/","url":"https:\/\/jihanara.com\/wp-content\/uploads\/2022\/12\/Cihanara-Logo-Black-1.png","contentUrl":"https:\/\/jihanara.com\/wp-content\/uploads\/2022\/12\/Cihanara-Logo-Black-1.png","width":775,"height":896,"caption":"Buy property and invest in North Cyprus"},"image":{"@id":"https:\/\/jihanara.com\/tr\/#\/schema\/logo\/image\/"}}]}},"_links":{"self":[{"href":"https:\/\/jihanara.com\/tr\/wp-json\/wp\/v2\/pages\/25901","targetHints":{"allow":["GET"]}}],"collection":[{"href":"https:\/\/jihanara.com\/tr\/wp-json\/wp\/v2\/pages"}],"about":[{"href":"https:\/\/jihanara.com\/tr\/wp-json\/wp\/v2\/types\/page"}],"author":[{"embeddable":true,"href":"https:\/\/jihanara.com\/tr\/wp-json\/wp\/v2\/users\/25"}],"replies":[{"embeddable":true,"href":"https:\/\/jihanara.com\/tr\/wp-json\/wp\/v2\/comments?post=25901"}],"version-history":[{"count":1,"href":"https:\/\/jihanara.com\/tr\/wp-json\/wp\/v2\/pages\/25901\/revisions"}],"predecessor-version":[{"id":49440,"href":"https:\/\/jihanara.com\/tr\/wp-json\/wp\/v2\/pages\/25901\/revisions\/49440"}],"wp:attachment":[{"href":"https:\/\/jihanara.com\/tr\/wp-json\/wp\/v2\/media?parent=25901"}],"curies":[{"name":"wp","href":"https:\/\/api.w.org\/{rel}","templated":true}]}}