{"id":32628,"date":"2020-03-02T10:27:05","date_gmt":"2020-03-02T08:27:05","guid":{"rendered":"https:\/\/jihanara.com\/contact-2\/"},"modified":"2024-02-21T08:32:13","modified_gmt":"2024-02-21T06:32:13","slug":"contact-2","status":"publish","type":"page","link":"https:\/\/jihanara.com\/ar\/contact-2\/","title":{"rendered":"\u0627\u062a\u0635\u0644 \u0628\u0646\u0627"},"content":{"rendered":"\t\t<div data-elementor-type=\"wp-page\" data-elementor-id=\"32628\" class=\"elementor elementor-32628 elementor-26921\">\n\t\t\t\t\t\t<section class=\"elementor-section elementor-top-section elementor-element elementor-element-125aa3d elementor-section-height-min-height animated-slow elementor-section-boxed elementor-section-height-default elementor-section-items-middle elementor-invisible\" data-id=\"125aa3d\" data-element_type=\"section\" data-e-type=\"section\" data-settings=\"{&quot;background_background&quot;:&quot;classic&quot;,&quot;animation&quot;:&quot;fadeIn&quot;}\">\n\t\t\t\t\t\t\t<div class=\"elementor-background-overlay\"><\/div>\n\t\t\t\t\t\t\t<div class=\"elementor-container elementor-column-gap-default\">\n\t\t\t\t\t<div class=\"elementor-column elementor-col-100 elementor-top-column elementor-element elementor-element-3b3a0df\" data-id=\"3b3a0df\" data-element_type=\"column\" data-e-type=\"column\">\n\t\t\t<div class=\"elementor-widget-wrap elementor-element-populated\">\n\t\t\t\t\t\t<div class=\"elementor-element elementor-element-1bdf606 elementor-widget elementor-widget-heading\" data-id=\"1bdf606\" data-element_type=\"widget\" data-e-type=\"widget\" data-widget_type=\"heading.default\">\n\t\t\t\t<div class=\"elementor-widget-container\">\n\t\t\t\t\t<h1 class=\"elementor-heading-title elementor-size-default\">\u0627\u062a\u0635\u0644 \u0628\u0646\u0627<\/h1>\t\t\t\t<\/div>\n\t\t\t\t<\/div>\n\t\t\t\t\t<\/div>\n\t\t<\/div>\n\t\t\t\t\t<\/div>\n\t\t<\/section>\n\t\t\t\t<section class=\"elementor-section elementor-top-section elementor-element elementor-element-5ec2734 elementor-section-boxed elementor-section-height-default elementor-section-height-default\" data-id=\"5ec2734\" data-element_type=\"section\" data-e-type=\"section\" data-settings=\"{&quot;background_background&quot;:&quot;classic&quot;}\">\n\t\t\t\t\t\t<div class=\"elementor-container elementor-column-gap-default\">\n\t\t\t\t\t<div class=\"elementor-column elementor-col-100 elementor-top-column elementor-element elementor-element-e1bd41f\" data-id=\"e1bd41f\" data-element_type=\"column\" data-e-type=\"column\">\n\t\t\t<div class=\"elementor-widget-wrap elementor-element-populated\">\n\t\t\t\t\t\t<div class=\"elementor-element elementor-element-211279b elementor-widget elementor-widget-spacer\" data-id=\"211279b\" data-element_type=\"widget\" data-e-type=\"widget\" data-widget_type=\"spacer.default\">\n\t\t\t\t<div class=\"elementor-widget-container\">\n\t\t\t\t\t\t\t<div class=\"elementor-spacer\">\n\t\t\t<div class=\"elementor-spacer-inner\"><\/div>\n\t\t<\/div>\n\t\t\t\t\t\t<\/div>\n\t\t\t\t<\/div>\n\t\t\t\t\t<\/div>\n\t\t<\/div>\n\t\t\t\t\t<\/div>\n\t\t<\/section>\n\t\t\t\t<section class=\"elementor-section elementor-top-section elementor-element elementor-element-d0b02e7 animated-slow elementor-section-boxed elementor-section-height-default elementor-section-height-default elementor-invisible\" data-id=\"d0b02e7\" data-element_type=\"section\" data-e-type=\"section\" data-settings=\"{&quot;animation&quot;:&quot;fadeIn&quot;,&quot;background_background&quot;:&quot;classic&quot;}\">\n\t\t\t\t\t\t<div class=\"elementor-container elementor-column-gap-default\">\n\t\t\t\t\t<div class=\"elementor-column elementor-col-66 elementor-top-column elementor-element elementor-element-3139327\" data-id=\"3139327\" data-element_type=\"column\" data-e-type=\"column\" data-settings=\"{&quot;background_background&quot;:&quot;classic&quot;}\">\n\t\t\t<div class=\"elementor-widget-wrap elementor-element-populated\">\n\t\t\t\t\t\t<div class=\"elementor-element elementor-element-8ff1404 elementor-widget elementor-widget-text-editor\" data-id=\"8ff1404\" data-element_type=\"widget\" data-e-type=\"widget\" data-widget_type=\"text-editor.default\">\n\t\t\t\t<div class=\"elementor-widget-container\">\n\t\t\t\t\t\t\t\t\t<p style=\"text-align: justify;\">\u0627\u0628\u0642 \u0639\u0644\u0649 \u062a\u0648\u0627\u0635\u0644 \u0645\u0639\u0646\u0627 \u0644\u0623\u064a\u0629 \u0627\u0633\u062a\u0641\u0633\u0627\u0631\u0627\u062a \u0623\u0648 \u0623\u0633\u0626\u0644\u0629. \u0648\u0646\u062d\u0646 \u0633\u0648\u0641 \u0646\u0639\u0648\u062f \u0625\u0644\u064a\u0643\u0645 \u0642\u0631\u064a\u0628\u0627 \u062c\u062f\u0627<\/p>\t\t\t\t\t\t\t\t<\/div>\n\t\t\t\t<\/div>\n\t\t\t\t<div class=\"elementor-element elementor-element-f4a5b85 elementor-button-align-stretch elementor-widget elementor-widget-houzez_elementor_contact_form\" data-id=\"f4a5b85\" data-element_type=\"widget\" data-e-type=\"widget\" data-widget_type=\"houzez_elementor_contact_form.default\">\n\t\t\t\t<div class=\"elementor-widget-container\">\n\t\t\t\t\t\n        <script type=\"application\/javascript\">\n            jQuery(document).bind(\"ready\", function () {\n                houzezValidateElementor(\"#houzez-form-f4a5b85\" );\n            });\n        <\/script>\n\n        <form class=\"elementor-form houzez-ele-form-js\" id=\"houzez-form-f4a5b85\" method=\"post\" name=\"New Form\" action=\"https:\/\/jihanara.com\/wp-admin\/admin-ajax.php\">\n            <input type=\"hidden\" name=\"form_id\" value=\"f4a5b85\"\/>\n            <input type=\"hidden\" name=\"houzez_contact_form\" value=\"yes\"\/>\n            <input type=\"hidden\" name=\"action\" value=\"houzez_ele_contact_form\" \/>\n            <input type=\"hidden\" name=\"source_link\" value=\"https:\/\/jihanara.com\/ar\/contact-2\/\" \/>\n            <input type=\"hidden\" name=\"lead_page_id\" value=\"32628\" \/>\n            <input type=\"hidden\" name=\"webhook\" value=\"false\" \/>\n            <input type=\"hidden\" name=\"webhook_url\" value=\"\" \/>\n            <input type=\"hidden\" name=\"redirect_to\" value=\"\" \/>\n            <input type=\"hidden\" name=\"google_recaptcha\" value=\"yes\" \/>\n            \n\n            <div class=\"elementor-form-fields-wrapper elementor-labels-above\">\n\n                                    <div class=\"elementor-field-group elementor-column form-group elementor-field-group-name elementor-col-50 elementor-field-required elementor-mark-required\">\n                    <label for=\"form-field-name\" class=\"form-label elementor-field-label\">\u0627\u0644\u0627\u0633\u0645  <\/label><input type=\"text\" name=\"first_name\" id=\"form-field-name\" class=\"elementor-field form-control elementor-size-sm elementor-field-textual\" placeholder=\"Name\" title=\"* \u0627\u0644\u0627\u0633\u0645  \" required=\"required\">                    <\/div>\n\n                                        <div class=\"elementor-field-group elementor-column form-group elementor-field-group-bf18955 elementor-col-50 elementor-field-required elementor-mark-required\">\n                    <label for=\"form-field-bf18955\" class=\"form-label elementor-field-label\">\u0627\u0644\u0627\u0633\u0645 \u0627\u0644\u0627\u062e\u064a\u0631<\/label><input type=\"text\" name=\"last_name\" id=\"form-field-bf18955\" class=\"elementor-field form-control elementor-size-sm elementor-field-textual\" placeholder=\"Last Name\" title=\"* \u0627\u0644\u0627\u0633\u0645 \u0627\u0644\u0627\u062e\u064a\u0631\" required=\"required\">                    <\/div>\n\n                                        <div class=\"elementor-field-group elementor-column form-group elementor-field-group-email elementor-col-100 elementor-field-required elementor-mark-required\">\n                    <label for=\"form-field-email\" class=\"form-label elementor-field-label\">\u0627\u0644\u0627\u064a\u0645\u064a\u0644 <\/label><input type=\"email\" name=\"email\" id=\"form-field-email\" class=\"elementor-field form-control elementor-size-sm elementor-field-textual\" placeholder=\"Email\" title=\"* \u0627\u0644\u0627\u064a\u0645\u064a\u0644 \" required=\"required\">                    <\/div>\n\n                                        <div class=\"elementor-field-group elementor-column form-group elementor-field-group-message elementor-col-100 elementor-field-required elementor-mark-required\">\n                    <label for=\"form-field-message\" class=\"form-label elementor-field-label\">\u0627\u0644\u0631\u0633\u0627\u0644\u0629 <\/label><textarea class=\"elementor-field-textual elementor-field elementor-size-sm\" name=\"message\" id=\"form-field-message\" rows=\"4\" placeholder=\"Message\" required=\"required\" title=\"* \u0627\u0644\u0631\u0633\u0627\u0644\u0629 \"><\/textarea>                    <\/div>\n\n                    \n                    \n                    \n                    <div class=\"form-group elementor-field-group elementor-col-100\">\n                        <label class=\"control control--checkbox m-0 \">\n                                                        <input required type=\"checkbox\" name=\"gdpr_agreement\" id=\"gdpr_agreement\" aria-required=\"true\">\n                            <span class=\"control__indicator\"><\/span>\n                                                        <div class=\"gdpr-text-wrap\">\n                            \u0623\u0648\u0627\u0641\u0642 \u0639\u0644\u0649 \u0642\u064a\u0627\u0645 \u0647\u0630\u0627 \u0627\u0644\u0645\u0648\u0642\u0639 \u0628\u062a\u062e\u0632\u064a\u0646 \u0645\u0639\u0644\u0648\u0645\u0627\u062a\u064a \u0627\u0644\u0645\u0642\u062f\u0645\u0629 \n                            <\/div>\n                            \n                        <\/label>\n                    <\/div><!-- form-group -->\n                    \n                    \n                                        <div class=\"\">\n                                            <\/div>\n                    \n                    <div class=\"elementor-field-group elementor-column elementor-field-type-submit elementor-col-100\">\n                    <button type=\"submit\" class=\"houzez-submit-button houzez-contact-form-js elementor-button elementor-size-sm\">\n                        <i class=\"houzez-loader-js houzez-hidden spinner-border spinner-border-sm\"><\/i>\n                                                    \u062a\u0642\u062f\u064a\u0645                                             <\/button>\n                <\/div>\n            <\/div><!-- End wrapper-->\n            <br\/>\n            <div class=\"ele-form-messages\"><\/div>\n            <div class=\"error-container\"><\/div>\n\n        <\/form>\n\n    \t\t\t\t<\/div>\n\t\t\t\t<\/div>\n\t\t\t\t\t<\/div>\n\t\t<\/div>\n\t\t\t\t<div class=\"elementor-column elementor-col-33 elementor-top-column elementor-element elementor-element-66ddd7d\" data-id=\"66ddd7d\" data-element_type=\"column\" data-e-type=\"column\">\n\t\t\t<div class=\"elementor-widget-wrap elementor-element-populated\">\n\t\t\t\t\t\t<div class=\"elementor-element elementor-element-1ab4a2b elementor-widget elementor-widget-text-editor\" data-id=\"1ab4a2b\" data-element_type=\"widget\" data-e-type=\"widget\" data-widget_type=\"text-editor.default\">\n\t\t\t\t<div class=\"elementor-widget-container\">\n\t\t\t\t\t\t\t\t\t<p><strong>Famagusta Office:<\/strong><\/p><p>No.2, Uzun Makri tower, \u0130smet \u0130n\u00f6n\u00fc Blv, Famagusta<\/p><p><a href=\"mailto:info@cihanara.com\">info@cihanara.com<\/a><\/p>\t\t\t\t\t\t\t\t<\/div>\n\t\t\t\t<\/div>\n\t\t\t\t<div class=\"elementor-element elementor-element-3a22688 elementor-widget elementor-widget-text-editor\" data-id=\"3a22688\" data-element_type=\"widget\" data-e-type=\"widget\" data-widget_type=\"text-editor.default\">\n\t\t\t\t<div class=\"elementor-widget-container\">\n\t\t\t\t\t\t\t\t\t<p class=\"padding-top\"><strong>Kyrenia Office:<\/strong>\nShop No.3(8C),Bedel Plaza, Zafar Cd, ozankoy, kyrenia, TRNC<\/p>\t\t\t\t\t\t\t\t<\/div>\n\t\t\t\t<\/div>\n\t\t\t\t<div class=\"elementor-element elementor-element-0b2a1b4 elementor-shape-rounded elementor-grid-0 e-grid-align-center elementor-widget elementor-widget-social-icons\" data-id=\"0b2a1b4\" data-element_type=\"widget\" data-e-type=\"widget\" data-widget_type=\"social-icons.default\">\n\t\t\t\t<div class=\"elementor-widget-container\">\n\t\t\t\t\t\t\t<div class=\"elementor-social-icons-wrapper elementor-grid\" role=\"list\">\n\t\t\t\t\t\t\t<span class=\"elementor-grid-item\" role=\"listitem\">\n\t\t\t\t\t<a class=\"elementor-icon elementor-social-icon elementor-social-icon-facebook elementor-animation-shrink elementor-repeater-item-4d4e750\" href=\"#\" target=\"_blank\">\n\t\t\t\t\t\t<span class=\"elementor-screen-only\">Facebook<\/span>\n\t\t\t\t\t\t<i aria-hidden=\"true\" class=\"fab fa-facebook\"><\/i>\t\t\t\t\t<\/a>\n\t\t\t\t<\/span>\n\t\t\t\t\t\t\t<span class=\"elementor-grid-item\" role=\"listitem\">\n\t\t\t\t\t<a class=\"elementor-icon elementor-social-icon elementor-social-icon-twitter elementor-animation-shrink elementor-repeater-item-a2d8d9c\" href=\"#\" target=\"_blank\">\n\t\t\t\t\t\t<span class=\"elementor-screen-only\">Twitter<\/span>\n\t\t\t\t\t\t<i aria-hidden=\"true\" class=\"fab fa-twitter\"><\/i>\t\t\t\t\t<\/a>\n\t\t\t\t<\/span>\n\t\t\t\t\t\t\t<span class=\"elementor-grid-item\" role=\"listitem\">\n\t\t\t\t\t<a class=\"elementor-icon elementor-social-icon elementor-social-icon-youtube elementor-animation-shrink elementor-repeater-item-4483b35\" href=\"#\" target=\"_blank\">\n\t\t\t\t\t\t<span class=\"elementor-screen-only\">Youtube<\/span>\n\t\t\t\t\t\t<i aria-hidden=\"true\" class=\"fab fa-youtube\"><\/i>\t\t\t\t\t<\/a>\n\t\t\t\t<\/span>\n\t\t\t\t\t\t\t<span class=\"elementor-grid-item\" role=\"listitem\">\n\t\t\t\t\t<a class=\"elementor-icon elementor-social-icon elementor-social-icon-instagram elementor-animation-shrink elementor-repeater-item-9e48d2c\" href=\"#\" target=\"_blank\">\n\t\t\t\t\t\t<span class=\"elementor-screen-only\">Instagram<\/span>\n\t\t\t\t\t\t<i aria-hidden=\"true\" class=\"fab fa-instagram\"><\/i>\t\t\t\t\t<\/a>\n\t\t\t\t<\/span>\n\t\t\t\t\t<\/div>\n\t\t\t\t\t\t<\/div>\n\t\t\t\t<\/div>\n\t\t\t\t\t<\/div>\n\t\t<\/div>\n\t\t\t\t\t<\/div>\n\t\t<\/section>\n\t\t\t\t<section class=\"elementor-section elementor-top-section elementor-element elementor-element-cb910cf elementor-section-boxed elementor-section-height-default elementor-section-height-default\" data-id=\"cb910cf\" data-element_type=\"section\" data-e-type=\"section\">\n\t\t\t\t\t\t<div class=\"elementor-container elementor-column-gap-default\">\n\t\t\t\t\t<div class=\"elementor-column elementor-col-100 elementor-top-column elementor-element elementor-element-7542755\" data-id=\"7542755\" data-element_type=\"column\" data-e-type=\"column\">\n\t\t\t<div class=\"elementor-widget-wrap\">\n\t\t\t\t\t\t\t<\/div>\n\t\t<\/div>\n\t\t\t\t\t<\/div>\n\t\t<\/section>\n\t\t\t\t<\/div>\n\t\t","protected":false},"excerpt":{"rendered":"<p>\u0627\u062a\u0635\u0644 \u0628\u0646\u0627 \u0627\u0628\u0642 \u0639\u0644\u0649 \u062a\u0648\u0627\u0635\u0644 \u0645\u0639\u0646\u0627 \u0644\u0623\u064a\u0629 \u0627\u0633\u062a\u0641\u0633\u0627\u0631\u0627\u062a \u0623\u0648 \u0623\u0633\u0626\u0644\u0629. \u0648\u0646\u062d\u0646 \u0633\u0648\u0641 \u0646\u0639\u0648\u062f \u0625\u0644\u064a\u0643\u0645 \u0642\u0631\u064a\u0628\u0627 \u062c\u062f\u0627 \u0627\u0644\u0627\u0633\u0645 \u0627\u0644\u0627\u0633\u0645 \u0627\u0644\u0627\u062e\u064a\u0631 \u0627\u0644\u0627\u064a\u0645\u064a\u0644 \u0627\u0644\u0631\u0633\u0627\u0644\u0629 \u0645\u0648\u0627\u0641\u0642\u0629 \u0623\u0648\u0627\u0641\u0642 \u0639\u0644\u0649 \u0642\u064a\u0627\u0645 \u0647\u0630\u0627 \u0627\u0644\u0645\u0648\u0642\u0639 \u0628\u062a\u062e\u0632\u064a\u0646 \u0645\u0639\u0644\u0648\u0645\u0627\u062a\u064a \u0627\u0644\u0645\u0642\u062f\u0645\u0629 \u062a\u0642\u062f\u064a\u0645 Famagusta Office: No.2, Uzun Makri tower, \u0130smet \u0130n\u00f6n\u00fc Blv, Famagusta info@cihanara.com Kyrenia Office: Shop No.3(8C),Bedel Plaza, Zafar Cd, ozankoy, kyrenia, TRNC Facebook Twitter Youtube [&hellip;]<\/p>\n","protected":false},"author":24,"featured_media":0,"parent":0,"menu_order":441,"comment_status":"closed","ping_status":"closed","template":"","meta":{"content-type":"","_monsterinsights_skip_tracking":false,"_monsterinsights_sitenote_active":false,"_monsterinsights_sitenote_note":"","_monsterinsights_sitenote_category":0,"footnotes":""},"class_list":["post-32628","page","type-page","status-publish","hentry"],"yoast_head":"<!-- This site is optimized with the Yoast SEO Premium plugin v26.9 (Yoast SEO v27.0) - https:\/\/yoast.com\/product\/yoast-seo-premium-wordpress\/ -->\n<title>\u0627\u062a\u0635\u0644 \u0628\u0646\u0627 - \u0634\u0631\u0627\u0621 \u0627\u0644\u0639\u0642\u0627\u0631\u0627\u062a \u0648\u0627\u0644\u0627\u0633\u062a\u062b\u0645\u0627\u0631 \u0641\u064a \u0634\u0645\u0627\u0644 \u0642\u0628\u0631\u0635<\/title>\n<meta name=\"robots\" content=\"index, follow, max-snippet:-1, max-image-preview:large, max-video-preview:-1\" \/>\n<link rel=\"canonical\" href=\"https:\/\/jihanara.com\/ar\/contact-2\/\" \/>\n<meta property=\"og:locale\" content=\"ar_AR\" \/>\n<meta property=\"og:type\" content=\"article\" \/>\n<meta property=\"og:title\" content=\"\u0627\u062a\u0635\u0644 \u0628\u0646\u0627\" \/>\n<meta property=\"og:description\" content=\"\u0627\u062a\u0635\u0644 \u0628\u0646\u0627 \u0627\u0628\u0642 \u0639\u0644\u0649 \u062a\u0648\u0627\u0635\u0644 \u0645\u0639\u0646\u0627 \u0644\u0623\u064a\u0629 \u0627\u0633\u062a\u0641\u0633\u0627\u0631\u0627\u062a \u0623\u0648 \u0623\u0633\u0626\u0644\u0629. \u0648\u0646\u062d\u0646 \u0633\u0648\u0641 \u0646\u0639\u0648\u062f \u0625\u0644\u064a\u0643\u0645 \u0642\u0631\u064a\u0628\u0627 \u062c\u062f\u0627 \u0627\u0644\u0627\u0633\u0645 \u0627\u0644\u0627\u0633\u0645 \u0627\u0644\u0627\u062e\u064a\u0631 \u0627\u0644\u0627\u064a\u0645\u064a\u0644 \u0627\u0644\u0631\u0633\u0627\u0644\u0629 \u0645\u0648\u0627\u0641\u0642\u0629 \u0623\u0648\u0627\u0641\u0642 \u0639\u0644\u0649 \u0642\u064a\u0627\u0645 \u0647\u0630\u0627 \u0627\u0644\u0645\u0648\u0642\u0639 \u0628\u062a\u062e\u0632\u064a\u0646 \u0645\u0639\u0644\u0648\u0645\u0627\u062a\u064a \u0627\u0644\u0645\u0642\u062f\u0645\u0629 \u062a\u0642\u062f\u064a\u0645 Famagusta Office: No.2, Uzun Makri tower, \u0130smet \u0130n\u00f6n\u00fc Blv, Famagusta info@cihanara.com Kyrenia Office: Shop No.3(8C),Bedel Plaza, Zafar Cd, ozankoy, kyrenia, TRNC Facebook Twitter Youtube [&hellip;]\" \/>\n<meta property=\"og:url\" content=\"https:\/\/jihanara.com\/ar\/contact-2\/\" \/>\n<meta property=\"og:site_name\" content=\"\u0634\u0631\u0627\u0621 \u0627\u0644\u0639\u0642\u0627\u0631\u0627\u062a \u0648\u0627\u0644\u0627\u0633\u062a\u062b\u0645\u0627\u0631 \u0641\u064a \u0634\u0645\u0627\u0644 \u0642\u0628\u0631\u0635\" \/>\n<meta property=\"article:modified_time\" content=\"2024-02-21T06:32:13+00:00\" \/>\n<meta name=\"twitter:card\" content=\"summary_large_image\" \/>\n<meta name=\"twitter:label1\" content=\"\u0648\u0642\u062a \u0627\u0644\u0642\u0631\u0627\u0621\u0629 \u0627\u0644\u0645\u064f\u0642\u062f\u0651\u0631\" \/>\n\t<meta name=\"twitter:data1\" content=\"1 \u062f\u0642\u064a\u0642\u0629\" \/>\n<script type=\"application\/ld+json\" class=\"yoast-schema-graph\">{\"@context\":\"https:\/\/schema.org\",\"@graph\":[{\"@type\":\"WebPage\",\"@id\":\"https:\/\/jihanara.com\/ar\/contact-2\/\",\"url\":\"https:\/\/jihanara.com\/ar\/contact-2\/\",\"name\":\"\u0627\u062a\u0635\u0644 \u0628\u0646\u0627 - \u0634\u0631\u0627\u0621 \u0627\u0644\u0639\u0642\u0627\u0631\u0627\u062a \u0648\u0627\u0644\u0627\u0633\u062a\u062b\u0645\u0627\u0631 \u0641\u064a \u0634\u0645\u0627\u0644 \u0642\u0628\u0631\u0635\",\"isPartOf\":{\"@id\":\"https:\/\/jihanara.com\/ar\/#website\"},\"datePublished\":\"2020-03-02T08:27:05+00:00\",\"dateModified\":\"2024-02-21T06:32:13+00:00\",\"breadcrumb\":{\"@id\":\"https:\/\/jihanara.com\/ar\/contact-2\/#breadcrumb\"},\"inLanguage\":\"ar\",\"potentialAction\":[{\"@type\":\"ReadAction\",\"target\":[\"https:\/\/jihanara.com\/ar\/contact-2\/\"]}]},{\"@type\":\"BreadcrumbList\",\"@id\":\"https:\/\/jihanara.com\/ar\/contact-2\/#breadcrumb\",\"itemListElement\":[{\"@type\":\"ListItem\",\"position\":1,\"name\":\"\u062e\u0627\u0646\u0647\",\"item\":\"https:\/\/jihanara.com\/ar\/\"},{\"@type\":\"ListItem\",\"position\":2,\"name\":\"\u0627\u062a\u0635\u0644 \u0628\u0646\u0627\"}]},{\"@type\":\"WebSite\",\"@id\":\"https:\/\/jihanara.com\/ar\/#website\",\"url\":\"https:\/\/jihanara.com\/ar\/\",\"name\":\"Buy property and invest in North Cyprus\",\"description\":\"\u0627\u0637\u0644\u0628 \u0627\u0644\u0623\u0641\u0636\u0644\",\"publisher\":{\"@id\":\"https:\/\/jihanara.com\/ar\/#organization\"},\"alternateName\":\"Buy property and invest in North Cyprus\",\"potentialAction\":[{\"@type\":\"SearchAction\",\"target\":{\"@type\":\"EntryPoint\",\"urlTemplate\":\"https:\/\/jihanara.com\/ar\/?s={search_term_string}\"},\"query-input\":{\"@type\":\"PropertyValueSpecification\",\"valueRequired\":true,\"valueName\":\"search_term_string\"}}],\"inLanguage\":\"ar\"},{\"@type\":\"Organization\",\"@id\":\"https:\/\/jihanara.com\/ar\/#organization\",\"name\":\"Buy property and invest in North Cyprus\",\"url\":\"https:\/\/jihanara.com\/ar\/\",\"logo\":{\"@type\":\"ImageObject\",\"inLanguage\":\"ar\",\"@id\":\"https:\/\/jihanara.com\/ar\/#\/schema\/logo\/image\/\",\"url\":\"https:\/\/jihanara.com\/wp-content\/uploads\/2022\/12\/Cihanara-Logo-Black-1.png\",\"contentUrl\":\"https:\/\/jihanara.com\/wp-content\/uploads\/2022\/12\/Cihanara-Logo-Black-1.png\",\"width\":775,\"height\":896,\"caption\":\"Buy property and invest in North Cyprus\"},\"image\":{\"@id\":\"https:\/\/jihanara.com\/ar\/#\/schema\/logo\/image\/\"}}]}<\/script>\n<!-- \/ Yoast SEO Premium plugin. -->","yoast_head_json":{"title":"\u0627\u062a\u0635\u0644 \u0628\u0646\u0627 - \u0634\u0631\u0627\u0621 \u0627\u0644\u0639\u0642\u0627\u0631\u0627\u062a \u0648\u0627\u0644\u0627\u0633\u062a\u062b\u0645\u0627\u0631 \u0641\u064a \u0634\u0645\u0627\u0644 \u0642\u0628\u0631\u0635","robots":{"index":"index","follow":"follow","max-snippet":"max-snippet:-1","max-image-preview":"max-image-preview:large","max-video-preview":"max-video-preview:-1"},"canonical":"https:\/\/jihanara.com\/ar\/contact-2\/","og_locale":"ar_AR","og_type":"article","og_title":"\u0627\u062a\u0635\u0644 \u0628\u0646\u0627","og_description":"\u0627\u062a\u0635\u0644 \u0628\u0646\u0627 \u0627\u0628\u0642 \u0639\u0644\u0649 \u062a\u0648\u0627\u0635\u0644 \u0645\u0639\u0646\u0627 \u0644\u0623\u064a\u0629 \u0627\u0633\u062a\u0641\u0633\u0627\u0631\u0627\u062a \u0623\u0648 \u0623\u0633\u0626\u0644\u0629. \u0648\u0646\u062d\u0646 \u0633\u0648\u0641 \u0646\u0639\u0648\u062f \u0625\u0644\u064a\u0643\u0645 \u0642\u0631\u064a\u0628\u0627 \u062c\u062f\u0627 \u0627\u0644\u0627\u0633\u0645 \u0627\u0644\u0627\u0633\u0645 \u0627\u0644\u0627\u062e\u064a\u0631 \u0627\u0644\u0627\u064a\u0645\u064a\u0644 \u0627\u0644\u0631\u0633\u0627\u0644\u0629 \u0645\u0648\u0627\u0641\u0642\u0629 \u0623\u0648\u0627\u0641\u0642 \u0639\u0644\u0649 \u0642\u064a\u0627\u0645 \u0647\u0630\u0627 \u0627\u0644\u0645\u0648\u0642\u0639 \u0628\u062a\u062e\u0632\u064a\u0646 \u0645\u0639\u0644\u0648\u0645\u0627\u062a\u064a \u0627\u0644\u0645\u0642\u062f\u0645\u0629 \u062a\u0642\u062f\u064a\u0645 Famagusta Office: No.2, Uzun Makri tower, \u0130smet \u0130n\u00f6n\u00fc Blv, Famagusta info@cihanara.com Kyrenia Office: Shop No.3(8C),Bedel Plaza, Zafar Cd, ozankoy, kyrenia, TRNC Facebook Twitter Youtube [&hellip;]","og_url":"https:\/\/jihanara.com\/ar\/contact-2\/","og_site_name":"\u0634\u0631\u0627\u0621 \u0627\u0644\u0639\u0642\u0627\u0631\u0627\u062a \u0648\u0627\u0644\u0627\u0633\u062a\u062b\u0645\u0627\u0631 \u0641\u064a \u0634\u0645\u0627\u0644 \u0642\u0628\u0631\u0635","article_modified_time":"2024-02-21T06:32:13+00:00","twitter_card":"summary_large_image","twitter_misc":{"\u0648\u0642\u062a \u0627\u0644\u0642\u0631\u0627\u0621\u0629 \u0627\u0644\u0645\u064f\u0642\u062f\u0651\u0631":"1 \u062f\u0642\u064a\u0642\u0629"},"schema":{"@context":"https:\/\/schema.org","@graph":[{"@type":"WebPage","@id":"https:\/\/jihanara.com\/ar\/contact-2\/","url":"https:\/\/jihanara.com\/ar\/contact-2\/","name":"\u0627\u062a\u0635\u0644 \u0628\u0646\u0627 - \u0634\u0631\u0627\u0621 \u0627\u0644\u0639\u0642\u0627\u0631\u0627\u062a \u0648\u0627\u0644\u0627\u0633\u062a\u062b\u0645\u0627\u0631 \u0641\u064a \u0634\u0645\u0627\u0644 \u0642\u0628\u0631\u0635","isPartOf":{"@id":"https:\/\/jihanara.com\/ar\/#website"},"datePublished":"2020-03-02T08:27:05+00:00","dateModified":"2024-02-21T06:32:13+00:00","breadcrumb":{"@id":"https:\/\/jihanara.com\/ar\/contact-2\/#breadcrumb"},"inLanguage":"ar","potentialAction":[{"@type":"ReadAction","target":["https:\/\/jihanara.com\/ar\/contact-2\/"]}]},{"@type":"BreadcrumbList","@id":"https:\/\/jihanara.com\/ar\/contact-2\/#breadcrumb","itemListElement":[{"@type":"ListItem","position":1,"name":"\u062e\u0627\u0646\u0647","item":"https:\/\/jihanara.com\/ar\/"},{"@type":"ListItem","position":2,"name":"\u0627\u062a\u0635\u0644 \u0628\u0646\u0627"}]},{"@type":"WebSite","@id":"https:\/\/jihanara.com\/ar\/#website","url":"https:\/\/jihanara.com\/ar\/","name":"Buy property and invest in North Cyprus","description":"\u0627\u0637\u0644\u0628 \u0627\u0644\u0623\u0641\u0636\u0644","publisher":{"@id":"https:\/\/jihanara.com\/ar\/#organization"},"alternateName":"Buy property and invest in North Cyprus","potentialAction":[{"@type":"SearchAction","target":{"@type":"EntryPoint","urlTemplate":"https:\/\/jihanara.com\/ar\/?s={search_term_string}"},"query-input":{"@type":"PropertyValueSpecification","valueRequired":true,"valueName":"search_term_string"}}],"inLanguage":"ar"},{"@type":"Organization","@id":"https:\/\/jihanara.com\/ar\/#organization","name":"Buy property and invest in North Cyprus","url":"https:\/\/jihanara.com\/ar\/","logo":{"@type":"ImageObject","inLanguage":"ar","@id":"https:\/\/jihanara.com\/ar\/#\/schema\/logo\/image\/","url":"https:\/\/jihanara.com\/wp-content\/uploads\/2022\/12\/Cihanara-Logo-Black-1.png","contentUrl":"https:\/\/jihanara.com\/wp-content\/uploads\/2022\/12\/Cihanara-Logo-Black-1.png","width":775,"height":896,"caption":"Buy property and invest in North Cyprus"},"image":{"@id":"https:\/\/jihanara.com\/ar\/#\/schema\/logo\/image\/"}}]}},"_links":{"self":[{"href":"https:\/\/jihanara.com\/ar\/wp-json\/wp\/v2\/pages\/32628","targetHints":{"allow":["GET"]}}],"collection":[{"href":"https:\/\/jihanara.com\/ar\/wp-json\/wp\/v2\/pages"}],"about":[{"href":"https:\/\/jihanara.com\/ar\/wp-json\/wp\/v2\/types\/page"}],"author":[{"embeddable":true,"href":"https:\/\/jihanara.com\/ar\/wp-json\/wp\/v2\/users\/24"}],"replies":[{"embeddable":true,"href":"https:\/\/jihanara.com\/ar\/wp-json\/wp\/v2\/comments?post=32628"}],"version-history":[{"count":0,"href":"https:\/\/jihanara.com\/ar\/wp-json\/wp\/v2\/pages\/32628\/revisions"}],"wp:attachment":[{"href":"https:\/\/jihanara.com\/ar\/wp-json\/wp\/v2\/media?parent=32628"}],"curies":[{"name":"wp","href":"https:\/\/api.w.org\/{rel}","templated":true}]}}